{"id":21546,"date":"2026-04-14T11:07:33","date_gmt":"2026-04-14T08:07:33","guid":{"rendered":"https:\/\/tokyoname.com\/template\/?page_id=21546"},"modified":"2026-04-23T11:24:50","modified_gmt":"2026-04-23T08:24:50","slug":"leveringsbetingelser","status":"publish","type":"page","link":"https:\/\/automodsx.com\/no\/leveringsbetingelser\/","title":{"rendered":"Leveringsbetingelser"},"content":{"rendered":"\n<p>V\u00e5rt m\u00e5l er \u00e5 tilby deg de beste fraktalternativene, uansett hvor du bor. Vi sender varer til hundrevis av kunder over hele verden hver dag, og streber etter \u00e5 gi deg service av h\u00f8yeste kvalitet.<\/p>\n\n\n\n<p>Leveringstiden for en bestilling er delt inn i to deler:<br>Behandlingstid: 1\u20132 dager<br>Frakttid: 3\u20135 dager<br>Fraktmetoder: Avhengig av land leveres pakkene av DHL eller lokal post<br>Fraktkostnader: 79 kr, gratis ved kj\u00f8p over 410 kr<\/p>\n","protected":false},"excerpt":{"rendered":"<p>V\u00e5rt m\u00e5l er \u00e5 tilby deg de beste fraktalternativene, uansett hvor du bor. Vi sender varer til hundrevis av kunder [&hellip;]<\/p>\n","protected":false},"author":5,"featured_media":0,"parent":0,"menu_order":0,"comment_status":"closed","ping_status":"closed","template":"","meta":{"site-sidebar-layout":"default","site-content-layout":"","ast-site-content-layout":"default","site-content-style":"default","site-sidebar-style":"default","ast-global-header-display":"","ast-banner-title-visibility":"","ast-main-header-display":"","ast-hfb-above-header-display":"","ast-hfb-below-header-display":"","ast-hfb-mobile-header-display":"","site-post-title":"","ast-breadcrumbs-content":"","ast-featured-img":"","footer-sml-layout":"","ast-disable-related-posts":"","theme-transparent-header-meta":"","adv-header-id-meta":"","stick-header-meta":"","header-above-stick-meta":"","header-main-stick-meta":"","header-below-stick-meta":"","astra-migrate-meta-layouts":"default","ast-page-background-enabled":"default","ast-page-background-meta":{"desktop":{"background-color":"var(--ast-global-color-5)","background-image":"","background-repeat":"repeat","background-position":"center center","background-size":"auto","background-attachment":"scroll","background-type":"","background-media":"","overlay-type":"","overlay-color":"","overlay-opacity":"","overlay-gradient":""},"tablet":{"background-color":"","background-image":"","background-repeat":"repeat","background-position":"center center","background-size":"auto","background-attachment":"scroll","background-type":"","background-media":"","overlay-type":"","overlay-color":"","overlay-opacity":"","overlay-gradient":""},"mobile":{"background-color":"","background-image":"","background-repeat":"repeat","background-position":"center center","background-size":"auto","background-attachment":"scroll","background-type":"","background-media":"","overlay-type":"","overlay-color":"","overlay-opacity":"","overlay-gradient":""}},"ast-content-background-meta":{"desktop":{"background-color":"var(--ast-global-color-4)","background-image":"","background-repeat":"repeat","background-position":"center center","background-size":"auto","background-attachment":"scroll","background-type":"","background-media":"","overlay-type":"","overlay-color":"","overlay-opacity":"","overlay-gradient":""},"tablet":{"background-color":"var(--ast-global-color-4)","background-image":"","background-repeat":"repeat","background-position":"center center","background-size":"auto","background-attachment":"scroll","background-type":"","background-media":"","overlay-type":"","overlay-color":"","overlay-opacity":"","overlay-gradient":""},"mobile":{"background-color":"var(--ast-global-color-4)","background-image":"","background-repeat":"repeat","background-position":"center center","background-size":"auto","background-attachment":"scroll","background-type":"","background-media":"","overlay-type":"","overlay-color":"","overlay-opacity":"","overlay-gradient":""}},"footnotes":""},"class_list":["post-21546","page","type-page","status-publish","hentry"],"_links":{"self":[{"href":"https:\/\/automodsx.com\/no\/wp-json\/wp\/v2\/pages\/21546","targetHints":{"allow":["GET"]}}],"collection":[{"href":"https:\/\/automodsx.com\/no\/wp-json\/wp\/v2\/pages"}],"about":[{"href":"https:\/\/automodsx.com\/no\/wp-json\/wp\/v2\/types\/page"}],"author":[{"embeddable":true,"href":"https:\/\/automodsx.com\/no\/wp-json\/wp\/v2\/users\/5"}],"replies":[{"embeddable":true,"href":"https:\/\/automodsx.com\/no\/wp-json\/wp\/v2\/comments?post=21546"}],"version-history":[{"count":5,"href":"https:\/\/automodsx.com\/no\/wp-json\/wp\/v2\/pages\/21546\/revisions"}],"predecessor-version":[{"id":21873,"href":"https:\/\/automodsx.com\/no\/wp-json\/wp\/v2\/pages\/21546\/revisions\/21873"}],"wp:attachment":[{"href":"https:\/\/automodsx.com\/no\/wp-json\/wp\/v2\/media?parent=21546"}],"curies":[{"name":"wp","href":"https:\/\/api.w.org\/{rel}","templated":true}]}}