{"id":633,"date":"2020-10-13T09:00:26","date_gmt":"2020-10-13T09:00:26","guid":{"rendered":"http:\/\/localhost\/razzi\/?page_id=633"},"modified":"2026-04-22T16:21:08","modified_gmt":"2026-04-22T13:21:08","slug":"om-oss","status":"publish","type":"page","link":"https:\/\/automodsx.com\/no\/om-oss\/","title":{"rendered":"Om oss"},"content":{"rendered":"\t\t<div data-elementor-type=\"wp-page\" data-elementor-id=\"633\" class=\"elementor elementor-633\" data-elementor-post-type=\"page\">\n\t\t\t\t<div class=\"elementor-element elementor-element-2b39d827 e-con-full e-flex e-con e-parent\" data-id=\"2b39d827\" data-element_type=\"container\" data-settings=\"{&quot;background_background&quot;:&quot;classic&quot;}\">\n\t\t\t\t<div class=\"elementor-element elementor-element-1764d00a elementor-widget elementor-widget-woocommerce-breadcrumb\" data-id=\"1764d00a\" data-element_type=\"widget\" data-widget_type=\"woocommerce-breadcrumb.default\">\n\t\t\t\t<div class=\"elementor-widget-container\">\n\t\t\t\t\t<nav class=\"woocommerce-breadcrumb\" aria-label=\"Breadcrumb\">Hjem<\/nav>\t\t\t\t<\/div>\n\t\t\t\t<\/div>\n\t\t\t\t<div class=\"elementor-element elementor-element-211f5b elementor-widget elementor-widget-heading\" data-id=\"211f5b\" data-element_type=\"widget\" data-widget_type=\"heading.default\">\n\t\t\t\t\t<h2 class=\"elementor-heading-title elementor-size-default\">Om oss<\/h2>\t\t\t\t<\/div>\n\t\t\t\t<\/div>\n\t\t<div class=\"elementor-element elementor-element-5f24a747 e-con-full e-flex e-con e-parent\" data-id=\"5f24a747\" data-element_type=\"container\">\n\t\t<div class=\"elementor-element elementor-element-108a0008 e-flex e-con-boxed e-con e-child\" data-id=\"108a0008\" data-element_type=\"container\">\n\t\t\t\t\t<div class=\"e-con-inner\">\n\t\t<div class=\"elementor-element elementor-element-1280d5d9 e-con-full e-flex e-con e-child\" data-id=\"1280d5d9\" data-element_type=\"container\">\n\t\t\t\t<div class=\"elementor-element elementor-element-1cfaa14a elementor-widget elementor-widget-image\" data-id=\"1cfaa14a\" data-element_type=\"widget\" data-widget_type=\"image.default\">\n\t\t\t\t\t\t\t\t\t\t\t\t\t\t\t<img fetchpriority=\"high\" decoding=\"async\" width=\"1024\" height=\"683\" src=\"https:\/\/automodsx.com\/no\/wp-content\/uploads\/sites\/26\/2026\/04\/closeup-shot-of-a-luxurious-black-interior-of-a-mo-2026-03-18-06-47-10-utc-1-1024x683.jpeg\" class=\"attachment-large size-large wp-image-21600\" alt=\"\" srcset=\"https:\/\/automodsx.com\/no\/wp-content\/uploads\/sites\/26\/2026\/04\/closeup-shot-of-a-luxurious-black-interior-of-a-mo-2026-03-18-06-47-10-utc-1-1024x683.jpeg 1024w, https:\/\/automodsx.com\/no\/wp-content\/uploads\/sites\/26\/2026\/04\/closeup-shot-of-a-luxurious-black-interior-of-a-mo-2026-03-18-06-47-10-utc-1-300x200.jpeg 300w, https:\/\/automodsx.com\/no\/wp-content\/uploads\/sites\/26\/2026\/04\/closeup-shot-of-a-luxurious-black-interior-of-a-mo-2026-03-18-06-47-10-utc-1-768x512.jpeg 768w, https:\/\/automodsx.com\/no\/wp-content\/uploads\/sites\/26\/2026\/04\/closeup-shot-of-a-luxurious-black-interior-of-a-mo-2026-03-18-06-47-10-utc-1-1536x1024.jpeg 1536w, https:\/\/automodsx.com\/no\/wp-content\/uploads\/sites\/26\/2026\/04\/closeup-shot-of-a-luxurious-black-interior-of-a-mo-2026-03-18-06-47-10-utc-1-2048x1365.jpeg 2048w, https:\/\/automodsx.com\/no\/wp-content\/uploads\/sites\/26\/2026\/04\/closeup-shot-of-a-luxurious-black-interior-of-a-mo-2026-03-18-06-47-10-utc-1-600x400.jpeg 600w\" sizes=\"(max-width: 1024px) 100vw, 1024px\" \/>\t\t\t\t\t\t\t\t\t\t\t\t\t\t\t<\/div>\n\t\t\t\t<\/div>\n\t\t<div class=\"elementor-element elementor-element-66b49c21 e-con-full e-flex e-con e-child\" data-id=\"66b49c21\" data-element_type=\"container\">\n\t\t\t\t<div class=\"elementor-element elementor-element-79377288 elementor-widget elementor-widget-elementskit-heading\" data-id=\"79377288\" data-element_type=\"widget\" data-widget_type=\"elementskit-heading.default\">\n\t\t\t\t\t<div class=\"ekit-wid-con\" ><div class=\"ekit-heading elementskit-section-title-wraper text_left   ekit_heading_tablet-   ekit_heading_mobile-\"><h2 class=\"ekit-heading--title elementskit-section-title \">Hvem vi er<\/h2>\t\t\t\t<div class='ekit-heading__description'>\n\t\t\t\t\t<p>Vi brenner for \u00e5 hjelpe sj\u00e5f\u00f8rer med \u00e5 f\u00e5 mer ut av hver reise. V\u00e5rt oppdrag er enkelt: \u00e5 tilby biltilbeh\u00f8r av h\u00f8y kvalitet som kombinerer funksjonalitet, holdbarhet og moderne design. Hvert produkt i kolleksjonen v\u00e5r er n\u00f8ye utvalgt for \u00e5 forbedre komforten, forbedre organiseringen og heve den generelle kj\u00f8reopplevelsen. Enten du oppgraderer din daglige pendling eller forbereder deg p\u00e5 lange bilturer, er vi her for \u00e5 gj\u00f8re hver kj\u00f8retur bedre.<\/p>\n\t\t\t\t<\/div>\n\t\t\t<\/div><\/div>\t\t\t\t<\/div>\n\t\t\t\t<\/div>\n\t\t\t\t\t<\/div>\n\t\t\t\t<\/div>\n\t\t\t\t<\/div>\n\t\t<div class=\"elementor-element elementor-element-6a62fcd e-flex e-con-boxed elementor-invisible e-con e-parent\" data-id=\"6a62fcd\" data-element_type=\"container\" data-settings=\"{&quot;background_background&quot;:&quot;classic&quot;,&quot;animation&quot;:&quot;fadeIn&quot;,&quot;animation_delay&quot;:100}\">\n\t\t\t\t\t<div class=\"e-con-inner\">\n\t\t\t\t<div class=\"elementor-element elementor-element-d4414d2 elementor-widget elementor-widget-text-editor\" data-id=\"d4414d2\" data-element_type=\"widget\" data-widget_type=\"text-editor.default\">\n\t\t\t\t\t\t\t\t\t<div class=\"banner__box banner--transparent-white content-container content-container--full-width-mobile color-background-1 gradient\"><h3 class=\"banner__heading h1 title-with-highlight\" style=\"--hightlight-color: #6d388b;\"><span dir=\"auto\" style=\"vertical-align: inherit; color: #000000;\"><span dir=\"auto\" style=\"vertical-align: inherit;\">Bedriftsinformasjon<\/span><\/span><\/h3><div class=\"banner__text body\">Bedriftsnavn: Axenta LTD<br \/>Organisasjonsnummer: 16767174<br \/>Adresse: 82A James Carter Road<br \/>Mildenhall, Suffolk IP287DE<br \/>StorbritanniaEmail: info@automodsx.com<\/div><\/div>\t\t\t\t\t\t\t\t<\/div>\n\t\t\t\t\t<\/div>\n\t\t\t\t<\/div>\n\t\t<div class=\"elementor-element elementor-element-60a7cfc6 e-grid e-con-boxed e-con e-parent\" data-id=\"60a7cfc6\" data-element_type=\"container\">\n\t\t\t\t\t<div class=\"e-con-inner\">\n\t\t<div class=\"elementor-element elementor-element-3e0cfe5f e-con-full e-flex e-con e-child\" data-id=\"3e0cfe5f\" data-element_type=\"container\">\n\t\t\t\t<div class=\"elementor-element elementor-element-23dfa71f elementor-position-inline-start elementor-view-default elementor-mobile-position-block-start elementor-widget elementor-widget-icon-box\" data-id=\"23dfa71f\" data-element_type=\"widget\" data-widget_type=\"icon-box.default\">\n\t\t\t\t\t\t\t<div class=\"elementor-icon-box-wrapper\">\n\n\t\t\t\t\t\t<div class=\"elementor-icon-box-icon\">\n\t\t\t\t<span  class=\"elementor-icon\">\n\t\t\t\t<svg class=\"ekit-svg-icon icon-truck-2\" viewBox=\"0 0 32 32\" xmlns=\"http:\/\/www.w3.org\/2000\/svg\"><path d=\"M25.056 5.65h-5.669v-3h-16.944c-0.975 0-1.756 0.781-1.756 1.763v18.894c0 0.975 0.781 1.756 1.756 1.756h2.037c-0.056 0.275-0.081 0.556-0.081 0.85 0 2.344 1.888 4.238 4.237 4.238 2.344 0 4.3-1.956 4.237-4.238 0-0.269-0.025-0.531-0.075-0.781h7.769c-0.050 0.256-0.075 0.512-0.075 0.781 0 2.344 1.887 4.238 4.238 4.238s4.238-1.956 4.238-4.238c0-0.269-0.025-0.531-0.075-0.781h0.656c0.975 0 1.756-0.85 1.756-1.825v-8.6l-6.25-9.056zM24.406 6.888l5.081 7.362h-10.031v-7.362h4.95zM8.637 28.844c-1.631 0-3-1.369-3-3s1.369-3 3-3c1.694 0 3 1.369 3 3-0.006 1.631-1.369 3-3 3zM12.325 23.831c-0.725-1.288-2.1-2.15-3.688-2.15-1.563 0-2.919 0.837-3.65 2.087h-2.544c-0.263 0-0.456-0.194-0.456-0.456v-18.9c0-0.263 0.194-0.456 0.456-0.456h15.706v19.875h-5.825zM24.731 28.844c-1.631 0-3-1.369-3-3s1.369-3 3-3 3 1.369 3 3c0 1.631-1.369 3-3 3zM29.556 23.831h-1.131c-0.725-1.288-2.1-2.15-3.688-2.15s-2.962 0.863-3.688 2.15h-1.587v-8.281h10.619v7.756c-0.006 0.262-0.269 0.525-0.525 0.525zM4.013 13.012h12.050v-5.15h-12.050v5.15zM5.313 9.169h9.512v2.606h-9.512v-2.606z\"><\/path><\/svg>\t\t\t\t<\/span>\n\t\t\t<\/div>\n\t\t\t\n\t\t\t\t\t\t<div class=\"elementor-icon-box-content\">\n\n\t\t\t\t\t\t\t\t\t<h3 class=\"elementor-icon-box-title\">\n\t\t\t\t\t\t<span  >\n\t\t\t\t\t\t\tRask levering\t\t\t\t\t\t<\/span>\n\t\t\t\t\t<\/h3>\n\t\t\t\t\n\t\t\t\t\t\t\t\t\t<p class=\"elementor-icon-box-description\">\n\t\t\t\t\t\tRask p\u00e5 d\u00f8ren\t\t\t\t\t<\/p>\n\t\t\t\t\n\t\t\t<\/div>\n\t\t\t\n\t\t<\/div>\n\t\t\t\t\t\t<\/div>\n\t\t\t\t<\/div>\n\t\t<div class=\"elementor-element elementor-element-56cdbd9 e-con-full e-flex e-con e-child\" data-id=\"56cdbd9\" data-element_type=\"container\">\n\t\t\t\t<div class=\"elementor-element elementor-element-2e5698f elementor-position-inline-start elementor-view-default elementor-mobile-position-block-start elementor-widget elementor-widget-icon-box\" data-id=\"2e5698f\" data-element_type=\"widget\" data-widget_type=\"icon-box.default\">\n\t\t\t\t\t\t\t<div class=\"elementor-icon-box-wrapper\">\n\n\t\t\t\t\t\t<div class=\"elementor-icon-box-icon\">\n\t\t\t\t<span  class=\"elementor-icon\">\n\t\t\t\t<svg class=\"ekit-svg-icon icon-shield\" viewBox=\"0 0 32 32\" xmlns=\"http:\/\/www.w3.org\/2000\/svg\"><path d=\"M30.696 7.103l-0.043-1.002-0.998-0.102c-3.833-0.394-7.128-1.824-9.218-2.955-2.288-1.238-3.676-2.4-3.688-2.411l-0.749-0.633-0.75 0.632c-0.014 0.012-1.401 1.173-3.689 2.412-2.089 1.131-5.385 2.561-9.218 2.955l-0.998 0.102-0.043 1.002c-0.008 0.179-0.168 4.454 1.479 9.63 0.972 3.054 2.375 5.791 4.17 8.134 2.255 2.942 5.131 5.262 8.548 6.894l0.5 0.239 0.5-0.239c3.417-1.632 6.293-3.951 8.548-6.894 1.796-2.343 3.199-5.080 4.17-8.134 1.646-5.176 1.486-9.45 1.479-9.63zM16 29.421c-2.851-1.449-5.264-3.441-7.178-5.929-1.631-2.119-2.911-4.605-3.805-7.389-1.093-3.403-1.338-6.438-1.388-7.928 1.537-0.228 3.092-0.612 4.634-1.146 1.508-0.522 3.009-1.187 4.461-1.976 1.473-0.801 2.595-1.567 3.275-2.067 0.681 0.501 1.802 1.266 3.275 2.067 1.452 0.79 2.953 1.455 4.461 1.976 1.543 0.534 3.098 0.918 4.636 1.146-0.048 1.476-0.288 4.468-1.365 7.855-0.89 2.798-2.169 5.297-3.801 7.427-1.919 2.504-4.341 4.509-7.206 5.965z\"><\/path><path d=\"M22.323 10.722l-7.651 7.651-3.473-3.473-1.641 1.641 5.114 5.114 9.292-9.292z\"><\/path><\/svg>\t\t\t\t<\/span>\n\t\t\t<\/div>\n\t\t\t\n\t\t\t\t\t\t<div class=\"elementor-icon-box-content\">\n\n\t\t\t\t\t\t\t\t\t<h3 class=\"elementor-icon-box-title\">\n\t\t\t\t\t\t<span  >\n\t\t\t\t\t\t\tSikker shopping\t\t\t\t\t\t<\/span>\n\t\t\t\t\t<\/h3>\n\t\t\t\t\n\t\t\t\t\t\t\t\t\t<p class=\"elementor-icon-box-description\">\n\t\t\t\t\t\tTrygg betaling alltid\t\t\t\t\t<\/p>\n\t\t\t\t\n\t\t\t<\/div>\n\t\t\t\n\t\t<\/div>\n\t\t\t\t\t\t<\/div>\n\t\t\t\t<\/div>\n\t\t<div class=\"elementor-element elementor-element-293c4e17 e-con-full e-flex e-con e-child\" data-id=\"293c4e17\" data-element_type=\"container\">\n\t\t\t\t<div class=\"elementor-element elementor-element-a5ebf08 elementor-position-inline-start elementor-view-default elementor-mobile-position-block-start elementor-widget elementor-widget-icon-box\" data-id=\"a5ebf08\" data-element_type=\"widget\" data-widget_type=\"icon-box.default\">\n\t\t\t\t\t\t\t<div class=\"elementor-icon-box-wrapper\">\n\n\t\t\t\t\t\t<div class=\"elementor-icon-box-icon\">\n\t\t\t\t<span  class=\"elementor-icon\">\n\t\t\t\t<svg class=\"ekit-svg-icon icon-badge\" viewBox=\"0 0 32 32\" xmlns=\"http:\/\/www.w3.org\/2000\/svg\"><path d=\"M31.91 26.373l-3.898-5.848 0.683-0.213c0.281-0.088 0.438-0.387 0.35-0.668-0.004-0.012-0.008-0.023-0.012-0.034l-1.198-3.082 2.441-2.269c0.216-0.201 0.228-0.538 0.027-0.754-0.009-0.009-0.018-0.018-0.027-0.027l-2.441-2.269 1.199-3.082c0.107-0.275-0.029-0.584-0.304-0.69-0.011-0.004-0.023-0.008-0.034-0.012l-3.209-1.001-0.281-3.291c-0.012-0.146-0.084-0.281-0.199-0.373s-0.261-0.132-0.406-0.111l-3.339 0.462-1.71-2.85c-0.151-0.253-0.479-0.335-0.732-0.183-0.007 0.004-0.013 0.008-0.019 0.012l-2.803 1.845-2.802-1.845c-0.246-0.162-0.577-0.094-0.739 0.152-0.004 0.006-0.008 0.013-0.012 0.019l-1.71 2.851-3.339-0.462c-0.292-0.041-0.561 0.163-0.602 0.455-0.001 0.009-0.002 0.019-0.003 0.028l-0.281 3.291-3.206 1.001c-0.281 0.088-0.438 0.387-0.35 0.668 0.004 0.012 0.008 0.023 0.012 0.034l1.198 3.082-2.443 2.269c-0.216 0.201-0.228 0.538-0.027 0.754 0.009 0.009 0.018 0.018 0.027 0.027l2.441 2.269-1.199 3.082c-0.107 0.275 0.029 0.584 0.304 0.69 0.011 0.004 0.023 0.008 0.034 0.012l0.708 0.22-3.932 6.39c-0.154 0.251-0.076 0.579 0.175 0.734 0.112 0.069 0.246 0.094 0.375 0.071l5.351-0.973 0.964 4.821c0.042 0.211 0.208 0.377 0.419 0.419 0.034 0.006 0.069 0.009 0.103 0.008 0.178 0 0.345-0.089 0.444-0.237l3.742-5.613 0.794 1.324c0.075 0.125 0.197 0.214 0.339 0.246 0.040 0.009 0.080 0.014 0.121 0.013 0.104 0 0.206-0.031 0.293-0.088l2.8-1.845 2.802 1.845c0.246 0.162 0.577 0.094 0.739-0.152 0.004-0.006 0.008-0.013 0.012-0.019l0.795-1.325 3.742 5.613c0.099 0.148 0.265 0.237 0.444 0.237 0.035 0 0.069-0.003 0.103-0.010 0.212-0.042 0.377-0.207 0.419-0.419l0.971-4.863 5.392 0.492c0.293 0.027 0.553-0.19 0.579-0.483 0.011-0.121-0.020-0.243-0.088-0.344zM7.739 30.099l-0.816-4.072c-0.057-0.285-0.332-0.472-0.618-0.42l-4.691 0.853 3.448-5.601 1.45 0.452 0.281 3.291c0.012 0.146 0.084 0.281 0.199 0.373s0.261 0.132 0.406 0.111l3.339-0.462 0.309 0.515-3.307 4.96zM20.53 23.774l-1.605 2.676-2.631-1.734c-0.178-0.117-0.409-0.117-0.587 0l-2.631 1.732-1.605-2.677c-0.096-0.161-0.27-0.259-0.457-0.259-0.025-0-0.049 0.002-0.074 0.005l-3.131 0.433-0.263-3.087c-0.018-0.216-0.166-0.4-0.373-0.464l-3.004-0.938 1.12-2.886c0.079-0.204 0.026-0.435-0.134-0.584l-2.283-2.125 2.285-2.125c0.16-0.149 0.213-0.38 0.134-0.584l-1.12-2.887 3.005-0.937c0.207-0.064 0.355-0.248 0.373-0.464l0.263-3.087 3.131 0.434c0.213 0.030 0.423-0.070 0.533-0.254l1.605-2.676 2.625 1.732c0.178 0.117 0.409 0.117 0.587 0l2.631-1.732 1.605 2.677c0.111 0.183 0.319 0.282 0.531 0.254l3.131-0.433 0.263 3.087c0.018 0.216 0.166 0.4 0.373 0.464l3.005 0.938-1.123 2.886c-0.079 0.204-0.026 0.435 0.134 0.584l2.285 2.125-2.285 2.125c-0.16 0.149-0.213 0.38-0.134 0.584l1.12 2.887-3.003 0.937c-0.207 0.064-0.355 0.248-0.373 0.464l-0.263 3.087-3.131-0.431c-0.212-0.028-0.42 0.072-0.531 0.254zM25.648 25.6c-0.27-0.021-0.514 0.162-0.571 0.427l-0.814 4.071-3.307-4.96 0.308-0.514 3.339 0.462c0.292 0.041 0.561-0.163 0.602-0.455 0.001-0.009 0.002-0.019 0.003-0.028l0.281-3.291 1.464-0.457 3.451 5.179-4.756-0.435z\"><\/path><path d=\"M24 11.2c0-0.884-0.716-1.6-1.6-1.6h-3.733v-2.133c0.001-1.471-1.19-2.665-2.661-2.667-0.002 0-0.004 0-0.005 0-0.295 0-0.533 0.239-0.533 0.533v2.541l-0.96 1.916-1.716 1.373c-0.017-0.277-0.246-0.494-0.524-0.497h-3.733c-0.295 0-0.533 0.239-0.533 0.533v8c0 0.295 0.239 0.533 0.533 0.533h3.733c0.295 0 0.533-0.239 0.533-0.533h8c0.882-0.004 1.596-0.718 1.6-1.6-0.002-0.275-0.075-0.545-0.213-0.783 0.098-0.061 0.189-0.134 0.271-0.217 0.517-0.503 0.625-1.293 0.262-1.917 0.098-0.061 0.189-0.134 0.271-0.217 0.517-0.503 0.625-1.293 0.262-1.917 0.098-0.061 0.189-0.134 0.271-0.217 0.306-0.298 0.478-0.707 0.476-1.134zM11.734 18.667h-2.667v-6.933h2.667v6.933zM22.77 11.58c-0.097 0.1-0.231 0.155-0.37 0.154h-2.133v1.067h1.6c0.295 0 0.533 0.239 0.533 0.533 0 0.144-0.059 0.281-0.163 0.38-0.097 0.1-0.231 0.155-0.37 0.154h-2.133v1.067h1.6c0.295 0 0.533 0.239 0.533 0.533 0 0.144-0.059 0.281-0.163 0.38-0.097 0.1-0.231 0.155-0.37 0.154h-2.133v1.067h1.6c0.295 0 0.533 0.239 0.533 0.533 0 0.144-0.059 0.281-0.163 0.38-0.097 0.1-0.231 0.155-0.37 0.154h-8v-5.611l2.467-1.973c0.060-0.048 0.109-0.109 0.144-0.178l1.067-2.133c0.037-0.074 0.056-0.156 0.056-0.238v-2.042c0.64 0.225 1.068 0.83 1.067 1.509v2.667c0 0.295 0.239 0.533 0.533 0.533h4.267c0.295 0 0.533 0.239 0.533 0.533 0.001 0.144-0.059 0.281-0.163 0.38z\"><\/path><\/svg>\t\t\t\t<\/span>\n\t\t\t<\/div>\n\t\t\t\n\t\t\t\t\t\t<div class=\"elementor-icon-box-content\">\n\n\t\t\t\t\t\t\t\t\t<h3 class=\"elementor-icon-box-title\">\n\t\t\t\t\t\t<span  >\n\t\t\t\t\t\t\tKvalitetssikret\t\t\t\t\t\t<\/span>\n\t\t\t\t\t<\/h3>\n\t\t\t\t\n\t\t\t\t\t\t\t\t\t<p class=\"elementor-icon-box-description\">\n\t\t\t\t\t\tP\u00e5litelige, testede deler\t\t\t\t\t<\/p>\n\t\t\t\t\n\t\t\t<\/div>\n\t\t\t\n\t\t<\/div>\n\t\t\t\t\t\t<\/div>\n\t\t\t\t<\/div>\n\t\t\t\t\t<\/div>\n\t\t\t\t<\/div>\n\t\t\t\t<\/div>\n\t\t","protected":false},"excerpt":{"rendered":"<p>Om oss Hvem vi er Vi brenner for \u00e5 hjelpe sj\u00e5f\u00f8rer med \u00e5 f\u00e5 mer ut av hver reise. V\u00e5rt [&hellip;]<\/p>\n","protected":false},"author":1,"featured_media":0,"parent":0,"menu_order":0,"comment_status":"closed","ping_status":"closed","template":"","meta":{"site-sidebar-layout":"no-sidebar","site-content-layout":"","ast-site-content-layout":"full-width-container","site-content-style":"default","site-sidebar-style":"default","ast-global-header-display":"","ast-banner-title-visibility":"","ast-main-header-display":"","ast-hfb-above-header-display":"","ast-hfb-below-header-display":"","ast-hfb-mobile-header-display":"","site-post-title":"disabled","ast-breadcrumbs-content":"","ast-featured-img":"","footer-sml-layout":"","ast-disable-related-posts":"","theme-transparent-header-meta":"","adv-header-id-meta":"","stick-header-meta":"","header-above-stick-meta":"","header-main-stick-meta":"","header-below-stick-meta":"","astra-migrate-meta-layouts":"default","ast-page-background-enabled":"default","ast-page-background-meta":{"desktop":{"background-color":"var(--ast-global-color-5)","background-image":"","background-repeat":"repeat","background-position":"center center","background-size":"auto","background-attachment":"scroll","background-type":"","background-media":"","overlay-type":"","overlay-color":"","overlay-opacity":"","overlay-gradient":""},"tablet":{"background-color":"","background-image":"","background-repeat":"repeat","background-position":"center center","background-size":"auto","background-attachment":"scroll","background-type":"","background-media":"","overlay-type":"","overlay-color":"","overlay-opacity":"","overlay-gradient":""},"mobile":{"background-color":"","background-image":"","background-repeat":"repeat","background-position":"center center","background-size":"auto","background-attachment":"scroll","background-type":"","background-media":"","overlay-type":"","overlay-color":"","overlay-opacity":"","overlay-gradient":""}},"ast-content-background-meta":{"desktop":{"background-color":"var(--ast-global-color-4)","background-image":"","background-repeat":"repeat","background-position":"center center","background-size":"auto","background-attachment":"scroll","background-type":"","background-media":"","overlay-type":"","overlay-color":"","overlay-opacity":"","overlay-gradient":""},"tablet":{"background-color":"var(--ast-global-color-4)","background-image":"","background-repeat":"repeat","background-position":"center center","background-size":"auto","background-attachment":"scroll","background-type":"","background-media":"","overlay-type":"","overlay-color":"","overlay-opacity":"","overlay-gradient":""},"mobile":{"background-color":"var(--ast-global-color-4)","background-image":"","background-repeat":"repeat","background-position":"center center","background-size":"auto","background-attachment":"scroll","background-type":"","background-media":"","overlay-type":"","overlay-color":"","overlay-opacity":"","overlay-gradient":""}},"footnotes":""},"class_list":["post-633","page","type-page","status-publish","hentry"],"_links":{"self":[{"href":"https:\/\/automodsx.com\/no\/wp-json\/wp\/v2\/pages\/633","targetHints":{"allow":["GET"]}}],"collection":[{"href":"https:\/\/automodsx.com\/no\/wp-json\/wp\/v2\/pages"}],"about":[{"href":"https:\/\/automodsx.com\/no\/wp-json\/wp\/v2\/types\/page"}],"author":[{"embeddable":true,"href":"https:\/\/automodsx.com\/no\/wp-json\/wp\/v2\/users\/1"}],"replies":[{"embeddable":true,"href":"https:\/\/automodsx.com\/no\/wp-json\/wp\/v2\/comments?post=633"}],"version-history":[{"count":135,"href":"https:\/\/automodsx.com\/no\/wp-json\/wp\/v2\/pages\/633\/revisions"}],"predecessor-version":[{"id":21859,"href":"https:\/\/automodsx.com\/no\/wp-json\/wp\/v2\/pages\/633\/revisions\/21859"}],"wp:attachment":[{"href":"https:\/\/automodsx.com\/no\/wp-json\/wp\/v2\/media?parent=633"}],"curies":[{"name":"wp","href":"https:\/\/api.w.org\/{rel}","templated":true}]}}