{"id":21660,"date":"2026-04-21T16:08:12","date_gmt":"2026-04-21T13:08:12","guid":{"rendered":"https:\/\/automodsx.com\/no\/?post_type=product&#038;p=21660"},"modified":"2026-04-22T11:27:48","modified_gmt":"2026-04-22T08:27:48","slug":"hajfinne-bilantenne","status":"publish","type":"product","link":"https:\/\/automodsx.com\/no\/produkt\/hajfinne-bilantenne\/","title":{"rendered":"Hajfinne-bilantenne"},"content":{"rendered":"<h2 style=\"text-align: center;\">Forbedre bilens signal<\/h2>\n<p style=\"text-align: center;\">Hajfinneantennen er utviklet for \u00e5 forbedre bilens signalmottak og gi en mer p\u00e5litelig forbindelse til radioen. Denne antennen forbedrer ikke bare ytelsen, men gir ogs\u00e5 bilens eksteri\u00f8r et elegant og moderne utseende.<\/p>\n<h2 style=\"text-align: center;\"><img fetchpriority=\"high\" decoding=\"async\" width=\"300\" height=\"300\" class=\"alignnone size-medium wp-image-21666 aligncenter\" style=\"font-size: 16px; font-style: inherit; font-weight: inherit;\" src=\"https:\/\/automodsx.com\/no\/wp-content\/uploads\/sites\/26\/2026\/04\/FOR-Citroen-C4-C5-C2-C3-C6-DS3-DS4-DS5-Radio-shark-fin-Car-antenna-3M.jpg_-1-300x300.png\" alt=\"\" srcset=\"https:\/\/automodsx.com\/no\/wp-content\/uploads\/sites\/26\/2026\/04\/FOR-Citroen-C4-C5-C2-C3-C6-DS3-DS4-DS5-Radio-shark-fin-Car-antenna-3M.jpg_-1-300x300.png 300w, https:\/\/automodsx.com\/no\/wp-content\/uploads\/sites\/26\/2026\/04\/FOR-Citroen-C4-C5-C2-C3-C6-DS3-DS4-DS5-Radio-shark-fin-Car-antenna-3M.jpg_-1-150x150.png 150w, https:\/\/automodsx.com\/no\/wp-content\/uploads\/sites\/26\/2026\/04\/FOR-Citroen-C4-C5-C2-C3-C6-DS3-DS4-DS5-Radio-shark-fin-Car-antenna-3M.jpg_-1-768x768.png 768w, https:\/\/automodsx.com\/no\/wp-content\/uploads\/sites\/26\/2026\/04\/FOR-Citroen-C4-C5-C2-C3-C6-DS3-DS4-DS5-Radio-shark-fin-Car-antenna-3M.jpg_-1-600x600.png 600w, https:\/\/automodsx.com\/no\/wp-content\/uploads\/sites\/26\/2026\/04\/FOR-Citroen-C4-C5-C2-C3-C6-DS3-DS4-DS5-Radio-shark-fin-Car-antenna-3M.jpg_-1-100x100.png 100w, https:\/\/automodsx.com\/no\/wp-content\/uploads\/sites\/26\/2026\/04\/FOR-Citroen-C4-C5-C2-C3-C6-DS3-DS4-DS5-Radio-shark-fin-Car-antenna-3M.jpg_-1-50x50.png 50w, https:\/\/automodsx.com\/no\/wp-content\/uploads\/sites\/26\/2026\/04\/FOR-Citroen-C4-C5-C2-C3-C6-DS3-DS4-DS5-Radio-shark-fin-Car-antenna-3M.jpg_-1.png 1000w\" sizes=\"(max-width: 300px) 100vw, 300px\" \/><\/h2>\n<h2 style=\"text-align: center;\">Enkel montering<\/h2>\n<p style=\"text-align: center;\">Det er enkelt \u00e5 montere hajfinneantennen, og det kreves ingen boring. Du trenger bare \u00e5 rengj\u00f8re og t\u00f8rke overflaten, p\u00e5f\u00f8re det dobbeltsidige klebeb\u00e5ndet og feste antennen. For ekstra sikkerhet kan du bruke en h\u00e5rf\u00f8ner for \u00e5 \u00f8ke klebeevnen til b\u00e5ndet.<\/p>\n<h2 style=\"text-align: center;\"><img decoding=\"async\" width=\"300\" height=\"300\" class=\"alignnone size-medium wp-image-21665 aligncenter\" style=\"font-size: 16px; font-style: inherit; font-weight: inherit;\" src=\"https:\/\/automodsx.com\/no\/wp-content\/uploads\/sites\/26\/2026\/04\/6-300x300.jpeg\" alt=\"\" srcset=\"https:\/\/automodsx.com\/no\/wp-content\/uploads\/sites\/26\/2026\/04\/6-300x300.jpeg 300w, https:\/\/automodsx.com\/no\/wp-content\/uploads\/sites\/26\/2026\/04\/6-150x150.jpeg 150w, https:\/\/automodsx.com\/no\/wp-content\/uploads\/sites\/26\/2026\/04\/6-768x768.jpeg 768w, https:\/\/automodsx.com\/no\/wp-content\/uploads\/sites\/26\/2026\/04\/6-600x600.jpeg 600w, https:\/\/automodsx.com\/no\/wp-content\/uploads\/sites\/26\/2026\/04\/6-100x100.jpeg 100w, https:\/\/automodsx.com\/no\/wp-content\/uploads\/sites\/26\/2026\/04\/6-50x50.jpeg 50w, https:\/\/automodsx.com\/no\/wp-content\/uploads\/sites\/26\/2026\/04\/6.jpeg 800w\" sizes=\"(max-width: 300px) 100vw, 300px\" \/><\/h2>\n<h2 style=\"text-align: center;\">Spesifikasjoner<\/h2>\n<ul>\n<li>St\u00f8rrelse: 7 x 7 x 16,5 cm<\/li>\n<li>Vekt: 76 g<\/li>\n<li>Materiale: ABS<\/li>\n<\/ul>\n<h2 style=\"text-align: center;\">Pakken inneholder<\/h2>\n<p>1 Hajfinne-bilantenne<\/p>\n<p>&nbsp;<\/p>\n","protected":false},"excerpt":{"rendered":"<div class=\"elementor-element elementor-element-81765f3 elementor-widget elementor-widget-wl-single-product-short-description\" data-id=\"81765f3\" data-element_type=\"widget\" data-widget_type=\"wl-single-product-short-description.default\">\n<div class=\"elementor-widget-container\">\n<div class=\"woocommerce-product-details__short-description\">\n<div class=\"flex flex-col text-sm pb-25\">\n<article class=\"text-token-text-primary w-full focus:outline-none [--shadow-height:45px] has-data-writing-block:pointer-events-none has-data-writing-block:-mt-(--shadow-height) has-data-writing-block:pt-(--shadow-height) [&amp;:has([data-writing-block])&gt;*]:pointer-events-auto scroll-mt-[calc(var(--header-height)+min(200px,max(70px,20svh)))]\" dir=\"auto\" tabindex=\"-1\" data-turn-id=\"request-6953fc99-4988-8330-83cb-2284431b2ad2-7\" data-testid=\"conversation-turn-20\" data-scroll-anchor=\"true\" data-turn=\"assistant\">\n<div class=\"text-base my-auto mx-auto pb-10 [--thread-content-margin:--spacing(4)] @w-sm\/main:[--thread-content-margin:--spacing(6)] @w-lg\/main:[--thread-content-margin:--spacing(16)] px-(--thread-content-margin)\">\n<div class=\"[--thread-content-max-width:40rem] @w-lg\/main:[--thread-content-max-width:48rem] mx-auto max-w-(--thread-content-max-width) flex-1 group\/turn-messages focus-visible:outline-hidden relative flex w-full min-w-0 flex-col agent-turn\" tabindex=\"-1\">\n<div class=\"flex max-w-full flex-col grow\">\n<div class=\"min-h-8 text-message relative flex w-full flex-col items-end gap-2 text-start break-words whitespace-normal [.text-message+&amp;]:mt-1\" dir=\"auto\" data-message-author-role=\"assistant\" data-message-id=\"1e8e0706-14ee-4b63-a54d-060f8b42be54\" data-message-model-slug=\"gpt-5-2\">\n<div class=\"flex w-full flex-col gap-1 empty:hidden first:pt-[1px]\">\n<div class=\"markdown prose dark:prose-invert w-full break-words light markdown-new-styling\">\n<p data-start=\"0\" data-end=\"260\" data-is-last-node=\"\" data-is-only-node=\"\">En bilantenne i form av en haifinne, designet for \u00e5 forbedre signalmottaket samtidig som den gir bilen et elegant og moderne utseende. Den monteres enkelt uten boring, passer til de fleste biler og forbedrer radiomottaket. Den er holdbar og stilig, og gir b\u00e5de bedre ytelse og et flott utseende.<\/p>\n<\/div>\n<\/div>\n<\/div>\n<\/div>\n<\/div>\n<\/div>\n<\/article>\n<\/div>\n<\/div>\n<\/div>\n<\/div>\n","protected":false},"featured_media":21669,"comment_status":"open","ping_status":"closed","template":"","meta":{"site-sidebar-layout":"default","site-content-layout":"","ast-site-content-layout":"default","site-content-style":"default","site-sidebar-style":"default","ast-global-header-display":"","ast-banner-title-visibility":"","ast-main-header-display":"","ast-hfb-above-header-display":"","ast-hfb-below-header-display":"","ast-hfb-mobile-header-display":"","site-post-title":"","ast-breadcrumbs-content":"","ast-featured-img":"","footer-sml-layout":"","ast-disable-related-posts":"","theme-transparent-header-meta":"default","adv-header-id-meta":"","stick-header-meta":"","header-above-stick-meta":"","header-main-stick-meta":"","header-below-stick-meta":"","astra-migrate-meta-layouts":"set","ast-page-background-enabled":"default","ast-page-background-meta":{"desktop":{"background-color":"var(--ast-global-color-5)","background-image":"","background-repeat":"repeat","background-position":"center center","background-size":"auto","background-attachment":"scroll","background-type":"","background-media":"","overlay-type":"","overlay-color":"","overlay-opacity":"","overlay-gradient":""},"tablet":{"background-color":"","background-image":"","background-repeat":"repeat","background-position":"center center","background-size":"auto","background-attachment":"scroll","background-type":"","background-media":"","overlay-type":"","overlay-color":"","overlay-opacity":"","overlay-gradient":""},"mobile":{"background-color":"","background-image":"","background-repeat":"repeat","background-position":"center center","background-size":"auto","background-attachment":"scroll","background-type":"","background-media":"","overlay-type":"","overlay-color":"","overlay-opacity":"","overlay-gradient":""}},"ast-content-background-meta":{"desktop":{"background-color":"var(--ast-global-color-4)","background-image":"","background-repeat":"repeat","background-position":"center center","background-size":"auto","background-attachment":"scroll","background-type":"","background-media":"","overlay-type":"","overlay-color":"","overlay-opacity":"","overlay-gradient":""},"tablet":{"background-color":"var(--ast-global-color-4)","background-image":"","background-repeat":"repeat","background-position":"center center","background-size":"auto","background-attachment":"scroll","background-type":"","background-media":"","overlay-type":"","overlay-color":"","overlay-opacity":"","overlay-gradient":""},"mobile":{"background-color":"var(--ast-global-color-4)","background-image":"","background-repeat":"repeat","background-position":"center center","background-size":"auto","background-attachment":"scroll","background-type":"","background-media":"","overlay-type":"","overlay-color":"","overlay-opacity":"","overlay-gradient":""}}},"product_brand":[],"product_cat":[15],"product_tag":[],"class_list":{"0":"post-21660","1":"product","2":"type-product","3":"status-publish","4":"has-post-thumbnail","6":"product_cat-automodsx","7":"desktop-align-left","8":"tablet-align-left","9":"mobile-align-left","11":"first","12":"instock","13":"shipping-taxable","14":"purchasable","15":"product-type-variable"},"_links":{"self":[{"href":"https:\/\/automodsx.com\/no\/wp-json\/wp\/v2\/product\/21660","targetHints":{"allow":["GET"]}}],"collection":[{"href":"https:\/\/automodsx.com\/no\/wp-json\/wp\/v2\/product"}],"about":[{"href":"https:\/\/automodsx.com\/no\/wp-json\/wp\/v2\/types\/product"}],"replies":[{"embeddable":true,"href":"https:\/\/automodsx.com\/no\/wp-json\/wp\/v2\/comments?post=21660"}],"wp:featuredmedia":[{"embeddable":true,"href":"https:\/\/automodsx.com\/no\/wp-json\/wp\/v2\/media\/21669"}],"wp:attachment":[{"href":"https:\/\/automodsx.com\/no\/wp-json\/wp\/v2\/media?parent=21660"}],"wp:term":[{"taxonomy":"product_brand","embeddable":true,"href":"https:\/\/automodsx.com\/no\/wp-json\/wp\/v2\/product_brand?post=21660"},{"taxonomy":"product_cat","embeddable":true,"href":"https:\/\/automodsx.com\/no\/wp-json\/wp\/v2\/product_cat?post=21660"},{"taxonomy":"product_tag","embeddable":true,"href":"https:\/\/automodsx.com\/no\/wp-json\/wp\/v2\/product_tag?post=21660"}],"curies":[{"name":"wp","href":"https:\/\/api.w.org\/{rel}","templated":true}]}}