{"id":21856,"date":"2026-04-22T15:37:26","date_gmt":"2026-04-22T12:37:26","guid":{"rendered":"https:\/\/automodsx.com\/no\/produkt\/bilbord\/"},"modified":"2026-04-22T15:37:26","modified_gmt":"2026-04-22T12:37:26","slug":"bilbord","status":"publish","type":"product","link":"https:\/\/automodsx.com\/no\/produkt\/bilbord\/","title":{"rendered":"Bilbord"},"content":{"rendered":"<p style=\"text-align: center\" data-start=\"0\" data-end=\"67\"><strong>Nyt m\u00e5ltider, jobb eller skriv komfortabelt inne i bilen\u00a0<img decoding=\"async\" class=\"emoji\" role=\"img\" src=\"https:\/\/s.w.org\/images\/core\/emoji\/17.0.2\/svg\/1f697.svg\" alt=\"\ud83d\ude97\" \/><img decoding=\"async\" class=\"emoji\" role=\"img\" src=\"https:\/\/s.w.org\/images\/core\/emoji\/17.0.2\/svg\/1f354.svg\" alt=\"\ud83c\udf54\" \/><img decoding=\"async\" class=\"emoji\" role=\"img\" src=\"https:\/\/s.w.org\/images\/core\/emoji\/17.0.2\/svg\/1f4bb.svg\" alt=\"\ud83d\udcbb\" \/><\/strong><\/p>\n<p data-start=\"0\" data-end=\"67\"><img fetchpriority=\"high\" decoding=\"async\" class=\"alignnone size-medium wp-image-21709 aligncenter\" src=\"https:\/\/automodsx.com\/template\/wp-content\/uploads\/sites\/6\/2026\/04\/100216-ezgif.com-video-to-webp-converter-225x300.webp\" alt=\"\" width=\"225\" height=\"300\" srcset=\"https:\/\/automodsx.com\/no\/wp-content\/uploads\/sites\/26\/2026\/04\/100216-ezgif.com-video-to-webp-converter-225x300.webp 225w, https:\/\/automodsx.com\/no\/wp-content\/uploads\/sites\/26\/2026\/04\/100216-ezgif.com-video-to-webp-converter.webp 500w\" sizes=\"(max-width: 225px) 100vw, 225px\" \/><\/p>\n<h2 style=\"text-align: center\">Hovedfordeler \u2705<\/h2>\n<p>\ud83c\udf71 Perfekt for m\u00e5ltider p\u00e5 farten &#8211; nyt snacks eller lunsj komfortabelt mens du st\u00e5r parkert<\/p>\n<p>\ud83d\udcbb Ideell for arbeid &#8211; holder den b\u00e6rbare datamaskinen, nettbrettet eller notisblokken sikkert<\/p>\n<p>\ud83d\udd27 Rask installasjon &#8211; bare heng den p\u00e5 rattet, ingen verkt\u00f8y trengs<\/p>\n<p>\ud83d\udcaa Sterk &amp; holdbar &#8211; laget av tykk PE-plast som st\u00f8tter tunge gjenstander uten \u00e5 b\u00f8ye seg<\/p>\n<p>\ud83e\uddfc Enkel \u00e5 rengj\u00f8re &#8211; avtakbar design gj\u00f8r det enkelt \u00e5 vaske etter bruk<\/p>\n<p>\ud83d\ude98 Universell passform &#8211; passer til de fleste bilratt, perfekt for lange kj\u00f8returer eller forretningsreiser<\/p>\n<p><img decoding=\"async\" class=\"size-medium wp-image-21795 aligncenter\" src=\"https:\/\/automodsx.com\/template\/wp-content\/uploads\/sites\/6\/2026\/04\/c90df53b91125bc64abb860a9e08304146e6ee6d-300x169.webp\" alt=\"\" width=\"300\" height=\"169\" \/><\/p>\n<h2 style=\"text-align: center\">Slik bruker du \ud83d\udee0\ufe0f<\/h2>\n<p>Park bilen din og sl\u00e5 av motoren.<\/p>\n<p>Fest brettet p\u00e5 toppen av rattet.<\/p>\n<p>juster det slik at det sitter plant og stabilt.<\/p>\n<p>legg maten, den b\u00e6rbare datamaskinen eller den b\u00e6rbare PC-en p\u00e5 toppen og nyt.<\/p>\n<p>etter bruk kan du ta det av og oppbevare det i lommen p\u00e5 bilsetet eller i bagasjerommet.<\/p>\n<h2 style=\"text-align: center\">produktdetaljer \u2139\ufe0f<\/h2>\n<p>Material: PE-plast (slitesterk og lett)<\/p>\n<p>St\u00f8rrelse: 43 cm x 29 cm x 2 cm<\/p>\n<p>Farge: svart<\/p>\n<p>Funksjoner: B\u00e6rbar, allsidig, lett \u00e5 rengj\u00f8re, universell passform<\/p>\n<h2 style=\"text-align: center\">Pakken inkluderer \ud83d\udce6<\/h2>\n<p>1x bilbord.<\/p>\n<p>&nbsp;<\/p>\n<p>&nbsp;<\/p>\n","protected":false},"excerpt":{"rendered":"<div class=\"elementor-element elementor-element-81765f3 elementor-widget elementor-widget-wl-single-product-short-description\" data-id=\"81765f3\" data-element_type=\"widget\" data-widget_type=\"wl-single-product-short-description.default\">\n<div class=\"elementor-widget-container\">\n<div class=\"woocommerce-product-details__short-description\">\n<p>Gj\u00f8r bilen om til en liten arbeidsplass eller spiseplass med dette bilbordet. Bordet er designet for \u00e5 v\u00e6re praktisk og stabilt, og kan enkelt festes p\u00e5 rattet, slik at du f\u00e5r en solid overflate for \u00e5 spise, jobbe eller organisere n\u00e5r du er p\u00e5 farten.<\/p>\n<\/div>\n<\/div>\n<\/div>\n","protected":false},"featured_media":21852,"comment_status":"open","ping_status":"closed","template":"","meta":{"site-sidebar-layout":"default","site-content-layout":"","ast-site-content-layout":"default","site-content-style":"default","site-sidebar-style":"default","ast-global-header-display":"","ast-banner-title-visibility":"","ast-main-header-display":"","ast-hfb-above-header-display":"","ast-hfb-below-header-display":"","ast-hfb-mobile-header-display":"","site-post-title":"","ast-breadcrumbs-content":"","ast-featured-img":"","footer-sml-layout":"","ast-disable-related-posts":"","theme-transparent-header-meta":"default","adv-header-id-meta":"","stick-header-meta":"","header-above-stick-meta":"","header-main-stick-meta":"","header-below-stick-meta":"","astra-migrate-meta-layouts":"set","ast-page-background-enabled":"default","ast-page-background-meta":{"desktop":{"background-color":"var(--ast-global-color-5)","background-image":"","background-repeat":"repeat","background-position":"center center","background-size":"auto","background-attachment":"scroll","background-type":"","background-media":"","overlay-type":"","overlay-color":"","overlay-opacity":"","overlay-gradient":""},"tablet":{"background-color":"","background-image":"","background-repeat":"repeat","background-position":"center center","background-size":"auto","background-attachment":"scroll","background-type":"","background-media":"","overlay-type":"","overlay-color":"","overlay-opacity":"","overlay-gradient":""},"mobile":{"background-color":"","background-image":"","background-repeat":"repeat","background-position":"center center","background-size":"auto","background-attachment":"scroll","background-type":"","background-media":"","overlay-type":"","overlay-color":"","overlay-opacity":"","overlay-gradient":""}},"ast-content-background-meta":{"desktop":{"background-color":"var(--ast-global-color-4)","background-image":"","background-repeat":"repeat","background-position":"center center","background-size":"auto","background-attachment":"scroll","background-type":"","background-media":"","overlay-type":"","overlay-color":"","overlay-opacity":"","overlay-gradient":""},"tablet":{"background-color":"var(--ast-global-color-4)","background-image":"","background-repeat":"repeat","background-position":"center center","background-size":"auto","background-attachment":"scroll","background-type":"","background-media":"","overlay-type":"","overlay-color":"","overlay-opacity":"","overlay-gradient":""},"mobile":{"background-color":"var(--ast-global-color-4)","background-image":"","background-repeat":"repeat","background-position":"center center","background-size":"auto","background-attachment":"scroll","background-type":"","background-media":"","overlay-type":"","overlay-color":"","overlay-opacity":"","overlay-gradient":""}}},"product_brand":[],"product_cat":[15],"product_tag":[],"class_list":{"0":"post-21856","1":"product","2":"type-product","3":"status-publish","4":"has-post-thumbnail","6":"product_cat-automodsx","7":"desktop-align-left","8":"tablet-align-left","9":"mobile-align-left","11":"first","12":"instock","13":"shipping-taxable","14":"purchasable","15":"product-type-simple"},"_links":{"self":[{"href":"https:\/\/automodsx.com\/no\/wp-json\/wp\/v2\/product\/21856","targetHints":{"allow":["GET"]}}],"collection":[{"href":"https:\/\/automodsx.com\/no\/wp-json\/wp\/v2\/product"}],"about":[{"href":"https:\/\/automodsx.com\/no\/wp-json\/wp\/v2\/types\/product"}],"replies":[{"embeddable":true,"href":"https:\/\/automodsx.com\/no\/wp-json\/wp\/v2\/comments?post=21856"}],"wp:featuredmedia":[{"embeddable":true,"href":"https:\/\/automodsx.com\/no\/wp-json\/wp\/v2\/media\/21852"}],"wp:attachment":[{"href":"https:\/\/automodsx.com\/no\/wp-json\/wp\/v2\/media?parent=21856"}],"wp:term":[{"taxonomy":"product_brand","embeddable":true,"href":"https:\/\/automodsx.com\/no\/wp-json\/wp\/v2\/product_brand?post=21856"},{"taxonomy":"product_cat","embeddable":true,"href":"https:\/\/automodsx.com\/no\/wp-json\/wp\/v2\/product_cat?post=21856"},{"taxonomy":"product_tag","embeddable":true,"href":"https:\/\/automodsx.com\/no\/wp-json\/wp\/v2\/product_tag?post=21856"}],"curies":[{"name":"wp","href":"https:\/\/api.w.org\/{rel}","templated":true}]}}