{"id":21950,"date":"2026-04-23T11:44:16","date_gmt":"2026-04-23T08:44:16","guid":{"rendered":"https:\/\/automodsx.com\/no\/produkt\/penne-for-fjerning-av-riper\/"},"modified":"2026-04-23T11:46:01","modified_gmt":"2026-04-23T08:46:01","slug":"penne-for-fjerning-av-riper","status":"publish","type":"product","link":"https:\/\/automodsx.com\/no\/produkt\/penne-for-fjerning-av-riper\/","title":{"rendered":"Penne for fjerning av riper"},"content":{"rendered":"<p style=\"text-align: center\" data-start=\"88\" data-end=\"127\"><strong>\ud83d\ude97 Si farvel til riper p\u00e5 f\u00e5 sekunder!<\/strong><\/p>\n<p data-start=\"129\" data-end=\"260\"><img decoding=\"async\" class=\"size-full wp-image-28562 aligncenter\" src=\"https:\/\/keluvo.com\/template\/wp-content\/uploads\/sites\/5\/2025\/07\/da761849630cafdb8566d3da1025336c70e1d297.webp\" alt=\"\" \/><\/p>\n<h2 style=\"text-align: center\" data-start=\"262\" data-end=\"282\"><strong>\u2705 Hovedfordeler<\/strong><\/h2>\n<p data-start=\"285\" data-end=\"339\">\ud83c\udfa8 Finnes i 8 farger som passer til bilen din perfectly<\/p>\n<p data-start=\"342\" data-end=\"398\">\ud83d\udd8a\ufe0f Brukervennlig penndesign &#8211; bare p\u00e5f\u00f8r og la det t\u00f8rke<\/p>\n<p data-start=\"401\" data-end=\"464\">\ud83d\udcaa Formel av h\u00f8y kvalitet for en langvarig, vanntett reparasjon<\/p>\n<p data-start=\"467\" data-end=\"523\">\ud83e\uddfd Dekker lakkskader og mindre overflater imperfections<\/p>\n<p data-start=\"526\" data-end=\"567\">\ud83d\udee1\ufe0f Trygt for alle lakkeringstyper og surfaces<\/p>\n<p data-start=\"526\" data-end=\"567\"><img decoding=\"async\" class=\"size-full wp-image-28561 aligncenter\" src=\"https:\/\/keluvo.com\/template\/wp-content\/uploads\/sites\/5\/2025\/07\/9_800x_7a9ced30-30d2-49a2-82ea-61d9eec1ac1b.webp\" alt=\"\" \/><\/p>\n<h2 style=\"text-align: center\" data-start=\"569\" data-end=\"588\"><strong>\ud83d\udee0\ufe0f Slik bruker du<\/strong><\/h2>\n<ol data-start=\"589\" data-end=\"717\">\n<li data-start=\"589\" data-end=\"634\">\n<p data-start=\"592\" data-end=\"634\">Rengj\u00f8r det ripete omr\u00e5det og la det t\u00f8rke.<\/p>\n<\/li>\n<li data-start=\"635\" data-end=\"684\">\n<p data-start=\"638\" data-end=\"684\">Rist pennen og p\u00e5f\u00f8r l\u00f8sningen jevnt.<\/p>\n<\/li>\n<li data-start=\"685\" data-end=\"717\">\n<p data-start=\"688\" data-end=\"717\">La den t\u00f8rke helt &#8211; ferdig!<\/p>\n<\/li>\n<\/ol>\n<h2 style=\"text-align: center\" data-start=\"719\" data-end=\"742\"><strong>\ud83d\udccf Produktdetaljer<\/strong><\/h2>\n<ul data-start=\"743\" data-end=\"872\">\n<li data-start=\"743\" data-end=\"760\">\n<p data-start=\"745\" data-end=\"760\">Volum: 12 ml<\/p>\n<\/li>\n<li data-start=\"761\" data-end=\"811\">\n<p data-start=\"763\" data-end=\"811\">Spr\u00f8yteareal: 0,08 m\u00b2 (omtrent p\u00e5 st\u00f8rrelse med en h\u00e5ndflate)<\/p>\n<\/li>\n<li data-start=\"812\" data-end=\"835\">\n<p data-start=\"814\" data-end=\"835\">Holdbarhet: 3 \u00e5r<\/p>\n<\/li>\n<li data-start=\"836\" data-end=\"872\">\n<p data-start=\"838\" data-end=\"872\">Sammensetning: Farge + organisk l\u00f8semiddel<\/p>\n<\/li>\n<\/ul>\n<h2 style=\"text-align: center\" data-start=\"874\" data-end=\"898\"><strong>\ud83d\udce6 Pakken inneholder<\/strong><\/h2>\n<ul data-start=\"899\" data-end=\"945\">\n<li data-start=\"899\" data-end=\"945\">\n<p data-start=\"901\" data-end=\"945\">1, 2, 4x ripefjernerpenn.<\/p>\n<\/li>\n<\/ul>\n","protected":false},"excerpt":{"rendered":"<p>Med denne pennen kan du raskt dekke over lette riper, skraper og lakkmerker &#8211; uten \u00e5 m\u00e5tte ta turen til bilverkstedet!<\/p>\n","protected":false},"featured_media":21946,"comment_status":"open","ping_status":"closed","template":"","meta":{"site-sidebar-layout":"default","site-content-layout":"","ast-site-content-layout":"default","site-content-style":"default","site-sidebar-style":"default","ast-global-header-display":"","ast-banner-title-visibility":"","ast-main-header-display":"","ast-hfb-above-header-display":"","ast-hfb-below-header-display":"","ast-hfb-mobile-header-display":"","site-post-title":"","ast-breadcrumbs-content":"","ast-featured-img":"","footer-sml-layout":"","ast-disable-related-posts":"","theme-transparent-header-meta":"default","adv-header-id-meta":"","stick-header-meta":"","header-above-stick-meta":"","header-main-stick-meta":"","header-below-stick-meta":"","astra-migrate-meta-layouts":"set","ast-page-background-enabled":"default","ast-page-background-meta":{"desktop":{"background-color":"var(--ast-global-color-5)","background-image":"","background-repeat":"repeat","background-position":"center center","background-size":"auto","background-attachment":"scroll","background-type":"","background-media":"","overlay-type":"","overlay-color":"","overlay-opacity":"","overlay-gradient":""},"tablet":{"background-color":"","background-image":"","background-repeat":"repeat","background-position":"center center","background-size":"auto","background-attachment":"scroll","background-type":"","background-media":"","overlay-type":"","overlay-color":"","overlay-opacity":"","overlay-gradient":""},"mobile":{"background-color":"","background-image":"","background-repeat":"repeat","background-position":"center center","background-size":"auto","background-attachment":"scroll","background-type":"","background-media":"","overlay-type":"","overlay-color":"","overlay-opacity":"","overlay-gradient":""}},"ast-content-background-meta":{"desktop":{"background-color":"var(--ast-global-color-4)","background-image":"","background-repeat":"repeat","background-position":"center center","background-size":"auto","background-attachment":"scroll","background-type":"","background-media":"","overlay-type":"","overlay-color":"","overlay-opacity":"","overlay-gradient":""},"tablet":{"background-color":"var(--ast-global-color-4)","background-image":"","background-repeat":"repeat","background-position":"center center","background-size":"auto","background-attachment":"scroll","background-type":"","background-media":"","overlay-type":"","overlay-color":"","overlay-opacity":"","overlay-gradient":""},"mobile":{"background-color":"var(--ast-global-color-4)","background-image":"","background-repeat":"repeat","background-position":"center center","background-size":"auto","background-attachment":"scroll","background-type":"","background-media":"","overlay-type":"","overlay-color":"","overlay-opacity":"","overlay-gradient":""}}},"product_brand":[],"product_cat":[15],"product_tag":[],"class_list":{"0":"post-21950","1":"product","2":"type-product","3":"status-publish","4":"has-post-thumbnail","6":"product_cat-automodsx","7":"pa_40071_p2cbi0m6-bla","8":"pa_40071_p2cbi0m6-champagne-gull","9":"pa_40071_p2cbi0m6-hvit","10":"pa_40071_p2cbi0m6-perlehvit","11":"pa_40071_p2cbi0m6-rod","12":"pa_40071_p2cbi0m6-solv","13":"pa_40071_p2cbi0m6-solvgra","14":"pa_40071_p2cbi0m6-svart","15":"pa_40071_ueer8fyb-1-stk","16":"pa_40071_ueer8fyb-2-stk","17":"pa_40071_ueer8fyb-4-stk","18":"desktop-align-left","19":"tablet-align-left","20":"mobile-align-left","22":"first","23":"instock","24":"shipping-taxable","25":"purchasable","26":"product-type-variable","27":"has-default-attributes"},"_links":{"self":[{"href":"https:\/\/automodsx.com\/no\/wp-json\/wp\/v2\/product\/21950","targetHints":{"allow":["GET"]}}],"collection":[{"href":"https:\/\/automodsx.com\/no\/wp-json\/wp\/v2\/product"}],"about":[{"href":"https:\/\/automodsx.com\/no\/wp-json\/wp\/v2\/types\/product"}],"replies":[{"embeddable":true,"href":"https:\/\/automodsx.com\/no\/wp-json\/wp\/v2\/comments?post=21950"}],"wp:featuredmedia":[{"embeddable":true,"href":"https:\/\/automodsx.com\/no\/wp-json\/wp\/v2\/media\/21946"}],"wp:attachment":[{"href":"https:\/\/automodsx.com\/no\/wp-json\/wp\/v2\/media?parent=21950"}],"wp:term":[{"taxonomy":"product_brand","embeddable":true,"href":"https:\/\/automodsx.com\/no\/wp-json\/wp\/v2\/product_brand?post=21950"},{"taxonomy":"product_cat","embeddable":true,"href":"https:\/\/automodsx.com\/no\/wp-json\/wp\/v2\/product_cat?post=21950"},{"taxonomy":"product_tag","embeddable":true,"href":"https:\/\/automodsx.com\/no\/wp-json\/wp\/v2\/product_tag?post=21950"}],"curies":[{"name":"wp","href":"https:\/\/api.w.org\/{rel}","templated":true}]}}